{"id":10603,"date":"2025-05-08T14:46:18","date_gmt":"2025-05-08T12:46:18","guid":{"rendered":"https:\/\/www.aterki.com\/privacy-policy-2\/"},"modified":"2025-06-16T13:21:38","modified_gmt":"2025-06-16T11:21:38","slug":"quality-policy","status":"publish","type":"page","link":"https:\/\/www.aterki.com\/en\/quality-policy\/","title":{"rendered":"Quality Policy"},"content":{"rendered":"\n<ul class=\"wp-block-list\">\n<li>Compromiso de dirigir todos sus esfuerzos a la obtenci\u00f3n de la satisfacci\u00f3n de sus clientes y cumplimiento de las necesidades y expectativas de partes interesadas, basando nuestra pol\u00edtica de calidad en ofrecer la m\u00e1xima calidad en los trabajos.<\/li>\n\n\n\n<li>En esa misma l\u00ednea, al tratarse el aislamiento y la impermeabilizaci\u00f3n de especialidades cuasi artesanales que se dedican al tratamiento de patolog\u00edas en ocasiones de dif\u00edcil diagn\u00f3stico y soluci\u00f3n, ponemos en valor nuestro servicio postventa.<\/li>\n\n\n\n<li>Ser una empresa competitiva en el mercado del aislamiento y la impermeabilizaci\u00f3n, adecuando nuestros medios, recursos, instalaciones, formaci\u00f3n de nuestro personal para avanzar y progresar seg\u00fan las expectativas y requisitos de las nuevas tecnolog\u00edas en el sector del aislamiento e impermeabilizaci\u00f3n.<\/li>\n\n\n\n<li>Evaluaci\u00f3n de todos aquellos aspectos relacionados con la calidad e innovaci\u00f3n de los productos aislantes e impermeabilizantes, que permitan establecer objetivos y plantear recursos, en materia de Calidad, que gu\u00eden a la empresa en un proceso de mejora continua y progreso, as\u00ed como la mejora del personal de nuestro Grupo.<\/li>\n\n\n\n<li>Revisi\u00f3n peri\u00f3dica del Sistema de Gesti\u00f3n de la Calidad implantado para conseguir una continua adecuaci\u00f3n del mismo a las exigencias legales y las necesidades de la empresa y de sus clientes.<\/li>\n\n\n\n<li>Comunicaci\u00f3n de la pol\u00edtica de calidad a todos los miembros de la empresa, y concienciaci\u00f3n del personal de nuestra empresa en el sistema de calidad implantado as\u00ed como el trabajo en equipo, de forma que se puedan satisfacer las necesidades internas de la empresa.<\/li>\n<\/ul>\n\n<p>En Legazpi, febrero de 2022<\/p>\n\n<p>Gerencia<\/p>\n\n<p>\u00a0<\/p>\n\n<p>Fdo: Antonio L. Ramos<\/p>\n","protected":false},"excerpt":{"rendered":"<p>En Legazpi, febrero de 2022 Gerencia \u00a0 Fdo: Antonio L. Ramos<\/p>\n","protected":false},"author":1,"featured_media":0,"parent":0,"menu_order":0,"comment_status":"closed","ping_status":"closed","template":"","meta":{"footnotes":""},"class_list":["post-10603","page","type-page","status-publish","hentry"],"yoast_head":"<!-- This site is optimized with the Yoast SEO plugin v27.4 - https:\/\/yoast.com\/product\/yoast-seo-wordpress\/ -->\n<title>Quality Policy - Aterki Isola<\/title>\n<meta name=\"robots\" content=\"index, follow, max-snippet:-1, max-image-preview:large, max-video-preview:-1\" \/>\n<link rel=\"canonical\" href=\"https:\/\/www.aterki.com\/en\/quality-policy\/\" \/>\n<meta property=\"og:locale\" content=\"en_US\" \/>\n<meta property=\"og:type\" content=\"article\" \/>\n<meta property=\"og:title\" content=\"Quality Policy - Aterki Isola\" \/>\n<meta property=\"og:description\" content=\"En Legazpi, febrero de 2022 Gerencia \u00a0 Fdo: Antonio L. Ramos\" \/>\n<meta property=\"og:url\" content=\"https:\/\/www.aterki.com\/en\/quality-policy\/\" \/>\n<meta property=\"og:site_name\" content=\"Aterki Isola\" \/>\n<meta property=\"article:modified_time\" content=\"2025-06-16T11:21:38+00:00\" \/>\n<meta name=\"twitter:card\" content=\"summary_large_image\" \/>\n<meta name=\"twitter:label1\" content=\"Est. reading time\" \/>\n\t<meta name=\"twitter:data1\" content=\"1 minute\" \/>\n<script type=\"application\/ld+json\" class=\"yoast-schema-graph\">{\"@context\":\"https:\\\/\\\/schema.org\",\"@graph\":[{\"@type\":\"WebPage\",\"@id\":\"https:\\\/\\\/www.aterki.com\\\/en\\\/quality-policy\\\/\",\"url\":\"https:\\\/\\\/www.aterki.com\\\/en\\\/quality-policy\\\/\",\"name\":\"Quality Policy - Aterki Isola\",\"isPartOf\":{\"@id\":\"https:\\\/\\\/www.aterki.com\\\/en\\\/#website\"},\"datePublished\":\"2025-05-08T12:46:18+00:00\",\"dateModified\":\"2025-06-16T11:21:38+00:00\",\"breadcrumb\":{\"@id\":\"https:\\\/\\\/www.aterki.com\\\/en\\\/quality-policy\\\/#breadcrumb\"},\"inLanguage\":\"en-US\",\"potentialAction\":[{\"@type\":\"ReadAction\",\"target\":[\"https:\\\/\\\/www.aterki.com\\\/en\\\/quality-policy\\\/\"]}]},{\"@type\":\"BreadcrumbList\",\"@id\":\"https:\\\/\\\/www.aterki.com\\\/en\\\/quality-policy\\\/#breadcrumb\",\"itemListElement\":[{\"@type\":\"ListItem\",\"position\":1,\"name\":\"Home\",\"item\":\"https:\\\/\\\/www.aterki.com\\\/en\\\/\"},{\"@type\":\"ListItem\",\"position\":2,\"name\":\"Quality Policy\"}]},{\"@type\":\"WebSite\",\"@id\":\"https:\\\/\\\/www.aterki.com\\\/en\\\/#website\",\"url\":\"https:\\\/\\\/www.aterki.com\\\/en\\\/\",\"name\":\"Aterki Isola\",\"description\":\"Waterproofing, thermal insulation and flooring company\",\"publisher\":{\"@id\":\"https:\\\/\\\/www.aterki.com\\\/en\\\/#organization\"},\"potentialAction\":[{\"@type\":\"SearchAction\",\"target\":{\"@type\":\"EntryPoint\",\"urlTemplate\":\"https:\\\/\\\/www.aterki.com\\\/en\\\/?s={search_term_string}\"},\"query-input\":{\"@type\":\"PropertyValueSpecification\",\"valueRequired\":true,\"valueName\":\"search_term_string\"}}],\"inLanguage\":\"en-US\"},{\"@type\":\"Organization\",\"@id\":\"https:\\\/\\\/www.aterki.com\\\/en\\\/#organization\",\"name\":\"Aterki Isola\",\"url\":\"https:\\\/\\\/www.aterki.com\\\/en\\\/\",\"logo\":{\"@type\":\"ImageObject\",\"inLanguage\":\"en-US\",\"@id\":\"https:\\\/\\\/www.aterki.com\\\/en\\\/#\\\/schema\\\/logo\\\/image\\\/\",\"url\":\"https:\\\/\\\/www.aterki.com\\\/wp-content\\\/uploads\\\/2024\\\/05\\\/cropped-logo-aterki-entero-blanco-159x37-1.png\",\"contentUrl\":\"https:\\\/\\\/www.aterki.com\\\/wp-content\\\/uploads\\\/2024\\\/05\\\/cropped-logo-aterki-entero-blanco-159x37-1.png\",\"width\":159,\"height\":37,\"caption\":\"Aterki Isola\"},\"image\":{\"@id\":\"https:\\\/\\\/www.aterki.com\\\/en\\\/#\\\/schema\\\/logo\\\/image\\\/\"}}]}<\/script>\n<!-- \/ Yoast SEO plugin. -->","yoast_head_json":{"title":"Quality Policy - Aterki Isola","robots":{"index":"index","follow":"follow","max-snippet":"max-snippet:-1","max-image-preview":"max-image-preview:large","max-video-preview":"max-video-preview:-1"},"canonical":"https:\/\/www.aterki.com\/en\/quality-policy\/","og_locale":"en_US","og_type":"article","og_title":"Quality Policy - Aterki Isola","og_description":"En Legazpi, febrero de 2022 Gerencia \u00a0 Fdo: Antonio L. Ramos","og_url":"https:\/\/www.aterki.com\/en\/quality-policy\/","og_site_name":"Aterki Isola","article_modified_time":"2025-06-16T11:21:38+00:00","twitter_card":"summary_large_image","twitter_misc":{"Est. reading time":"1 minute"},"schema":{"@context":"https:\/\/schema.org","@graph":[{"@type":"WebPage","@id":"https:\/\/www.aterki.com\/en\/quality-policy\/","url":"https:\/\/www.aterki.com\/en\/quality-policy\/","name":"Quality Policy - Aterki Isola","isPartOf":{"@id":"https:\/\/www.aterki.com\/en\/#website"},"datePublished":"2025-05-08T12:46:18+00:00","dateModified":"2025-06-16T11:21:38+00:00","breadcrumb":{"@id":"https:\/\/www.aterki.com\/en\/quality-policy\/#breadcrumb"},"inLanguage":"en-US","potentialAction":[{"@type":"ReadAction","target":["https:\/\/www.aterki.com\/en\/quality-policy\/"]}]},{"@type":"BreadcrumbList","@id":"https:\/\/www.aterki.com\/en\/quality-policy\/#breadcrumb","itemListElement":[{"@type":"ListItem","position":1,"name":"Home","item":"https:\/\/www.aterki.com\/en\/"},{"@type":"ListItem","position":2,"name":"Quality Policy"}]},{"@type":"WebSite","@id":"https:\/\/www.aterki.com\/en\/#website","url":"https:\/\/www.aterki.com\/en\/","name":"Aterki Isola","description":"Waterproofing, thermal insulation and flooring company","publisher":{"@id":"https:\/\/www.aterki.com\/en\/#organization"},"potentialAction":[{"@type":"SearchAction","target":{"@type":"EntryPoint","urlTemplate":"https:\/\/www.aterki.com\/en\/?s={search_term_string}"},"query-input":{"@type":"PropertyValueSpecification","valueRequired":true,"valueName":"search_term_string"}}],"inLanguage":"en-US"},{"@type":"Organization","@id":"https:\/\/www.aterki.com\/en\/#organization","name":"Aterki Isola","url":"https:\/\/www.aterki.com\/en\/","logo":{"@type":"ImageObject","inLanguage":"en-US","@id":"https:\/\/www.aterki.com\/en\/#\/schema\/logo\/image\/","url":"https:\/\/www.aterki.com\/wp-content\/uploads\/2024\/05\/cropped-logo-aterki-entero-blanco-159x37-1.png","contentUrl":"https:\/\/www.aterki.com\/wp-content\/uploads\/2024\/05\/cropped-logo-aterki-entero-blanco-159x37-1.png","width":159,"height":37,"caption":"Aterki Isola"},"image":{"@id":"https:\/\/www.aterki.com\/en\/#\/schema\/logo\/image\/"}}]}},"_links":{"self":[{"href":"https:\/\/www.aterki.com\/en\/wp-json\/wp\/v2\/pages\/10603","targetHints":{"allow":["GET"]}}],"collection":[{"href":"https:\/\/www.aterki.com\/en\/wp-json\/wp\/v2\/pages"}],"about":[{"href":"https:\/\/www.aterki.com\/en\/wp-json\/wp\/v2\/types\/page"}],"author":[{"embeddable":true,"href":"https:\/\/www.aterki.com\/en\/wp-json\/wp\/v2\/users\/1"}],"replies":[{"embeddable":true,"href":"https:\/\/www.aterki.com\/en\/wp-json\/wp\/v2\/comments?post=10603"}],"version-history":[{"count":6,"href":"https:\/\/www.aterki.com\/en\/wp-json\/wp\/v2\/pages\/10603\/revisions"}],"predecessor-version":[{"id":10686,"href":"https:\/\/www.aterki.com\/en\/wp-json\/wp\/v2\/pages\/10603\/revisions\/10686"}],"wp:attachment":[{"href":"https:\/\/www.aterki.com\/en\/wp-json\/wp\/v2\/media?parent=10603"}],"curies":[{"name":"wp","href":"https:\/\/api.w.org\/{rel}","templated":true}]}}