{"id":10091,"date":"2025-05-08T14:50:21","date_gmt":"2025-05-08T12:50:21","guid":{"rendered":"https:\/\/www.aterki.com\/cookies-policy\/"},"modified":"2025-06-16T13:22:43","modified_gmt":"2025-06-16T11:22:43","slug":"cookies-policy","status":"publish","type":"page","link":"https:\/\/www.aterki.com\/en\/cookies-policy\/","title":{"rendered":"Cookies Policy"},"content":{"rendered":"\n<p><strong>RESPONSABLE DE TRATAMIENTO<\/strong><\/p>\n\n<ul class=\"wp-block-list\">\n<li>Responsable del tratamiento: ATERKI ISOLA, S.L.<\/li>\n\n\n\n<li>CIF: B20503579<\/li>\n\n\n\n<li>Nombre comercial: ATERKI (en adelante)<\/li>\n\n\n\n<li>Sede Social: TELLERIARTE 16 Pab 4-5 (ZUBITXO) 20230 LEGAZPIA (GIPUZKOA)<\/li>\n\n\n\n<li>Tel\u00e9fono: +34 943 73 06 99 &#8211; info@aterki.com<\/li>\n<\/ul>\n\n<p><strong>Sobre las cookies en este sitio web<\/strong><\/p>\n\n<p>En este sitio web usamos cookies propias y de terceros para facilitar la navegaci\u00f3n. La informaci\u00f3n almacenada en las Cookies de nuestro sitio web es totalmente an\u00f3nima y es utilizada exclusivamente por nosotros. <\/p>\n\n<p>As\u00ed mismo, se informa que este sitio web dispone de funcionalidades relacionadas con las redes sociales con pol\u00edticas de privacidad ajenas a ATERKI de las cuales no es responsable y las que deber\u00e1 configurar al acceso de las mismas.<strong> <\/strong><\/p>\n\n<p><strong>\u00bfQu\u00e9 son las cookies<\/strong>?<\/p>\n\n<p>Las cookies son peque\u00f1os archivos de informaci\u00f3n que el servidor de un sitio web env\u00eda al ordenador, un tel\u00e9fono m\u00f3vil o una tablet de quien accede a la p\u00e1gina con la finalidad de registrar las actividades del usuario durante su tiempo de navegaci\u00f3n para llevar a cabo determinadas funciones que son consideradas imprescindibles para el correcto funcionamiento y visualizaci\u00f3n del sitio, Seg\u00fan la finalidad, las cookies podr\u00e1n ser t\u00e9cnicas, de an\u00e1lisis, de seguimiento, etc.<\/p>\n\n<p><strong>\u00bfPara qu\u00e9 se utilizan las cookies?<\/strong>.<\/p>\n\n<p>Se utilizan cookies propias y de terceros para finalidades muy diversas, como, por ejemplo, reconocerle como cliente, recordar sus preferencias durante la navegaci\u00f3n y en futuras visitas obtener informaci\u00f3n sobre sus productos contratados o intereses, hacer mediciones y estad\u00edsticas de uso o identificar intereses y mapear el comportamiento para poder ofrecer anuncios relevantes, personalizar el contenido a mostrarle o mejorar la oferta de productos o servicios que ofrecemos.<\/p>\n\n<p>Las finalidades concretas de cada una de las cookies podr\u00e1 verlas en el listado de cookies al acceder al Panel de Configuraci\u00f3n.<\/p>\n\n<p><strong>\u00bfQu\u00e9 tipo de cookies se utilizan en esta web y c\u00f3mo se puede modificar la configuraci\u00f3n de las cookies?<\/strong><\/p>\n\n<p>A continuaci\u00f3n, te facilitamos la informaci\u00f3n sobre el tipo de cookies y finalidad de las cookies que se pueden almacenar en tu equipo terminal cuando consultas esta web, y las opciones para que puedas cambiar o retirar tu consentimiento modificando as\u00ed los par\u00e1metros que afectar\u00e1n directamente a tu experiencia de navegaci\u00f3n en esta web.<\/p>\n\n<p>Su consentimiento se aplica a los siguientes dominios: aterki.com<\/p>\n\n<p><strong>Su estado actual<\/strong>: Solo usar cookies indispensables.<strong>Declaraci\u00f3n de cookies actualizada el 20-10-2022<br\/><\/strong><\/p>\n\n<p>\u00a0<\/p>\n\n<figure class=\"wp-block-table\"><table class=\"has-fixed-layout\"><thead><tr><th>TIPOS DE COOKIES<\/th><th>Duraci\u00f3n<\/th><th>Tipo<\/th><th>Prop\u00f3sito<\/th><\/tr><\/thead><tbody><tr><td>Polylang (pll_language)<\/td><td>1 a\u00f1o<\/td><td>Funcional<\/td><td>Polylang utiliza la cookie pll _language para recordar el idioma seleccionado por el usuario cuando regresa al sitio web, y tambi\u00e9n para obtener la informaci\u00f3n del idioma cuando no est\u00e1 disponible de otra manera.<\/td><\/tr><tr><td>Google Analytics (_ga)<\/td><td>2 a\u00f1os<\/td><td>Analytics<\/td><td>La cookie _ga, instalada por Google Analytics, calcula los datos de visitantes, sesiones y campa\u00f1as y tambi\u00e9n realiza un seguimiento del uso del sitio para el informe anal\u00edtico del sitio. La cookie almacena informaci\u00f3n de forma an\u00f3nima y asigna un n\u00famero generado aleatoriamente para reconocer a visitantes \u00fanicos. <\/td><\/tr><tr><td>Google Analytics (_gid)<\/td><td>1 d\u00eda<\/td><td>Analytics<\/td><td>Instalada por Google Analytics, la cookie _gid almacena informaci\u00f3n sobre c\u00f3mo los visitantes usan un sitio web, al mismo tiempo que crea un informe anal\u00edtico del rendimiento del sitio web. Algunos de los datos que se recopilan incluyen el n\u00famero de visitantes, su fuente y las p\u00e1ginas que visitan de forma an\u00f3nima. <\/td><\/tr><tr><td>Google Analytics (_gat)<\/td><td>1 minuto<\/td><td>Actuaci\u00f3n<\/td><td>Google Universal Analytics instala esta cookie para restringir la tasa de solicitudes y, por lo tanto, limitar la recopilaci\u00f3n de datos en sitios de alto tr\u00e1fico.<\/td><\/tr><\/tbody><\/table><\/figure>\n<p>\u00a0<\/p>\n\n<p><strong>\u00bfCu\u00e1l es la base jur\u00eddica y periodo de retenci\u00f3n de la informaci\u00f3n?<\/strong><\/p>\n\n<p>El tratamiento de tus datos personales es necesario para la finalidad indicada anteriormente y su base jur\u00eddica es el consentimiento del usuario, que otorga cuando hace clic en el bot\u00f3n &#8220;Aceptar&#8221; que se encuentra en el banner informativo.<\/p>\n\n<p>El periodo de retenci\u00f3n de tus datos personales es el establecido para la cookie que corresponda en la pol\u00edtica de privacidad del tercero que la gestiona y que se pueden consultar en los enlaces facilitados en el apartado anterior de esta pol\u00edtica.<\/p>\n\n<p>Los datos no ser\u00e1n comunicados a terceros, salvo por lo previsto en las pol\u00edticas de privacidad se\u00f1aladas anteriormente.<\/p>\n\n<p><strong>\u00bfC\u00f3mo se pueden ejercer los derechos de los usuarios?<\/strong><\/p>\n\n<p>Los usuarios tienen derecho a acceder a sus datos personales y a su portabilidad en los casos previstos en la normativa, as\u00ed como a solicitar la rectificaci\u00f3n de los datos inexactos y su supresi\u00f3n cuando, entre otros motivos, los datos ya no resulten necesarios para los fines para los que fueron recogidos. En determinadas circunstancias, los usuarios podr\u00e1n oponerse al tratamiento de sus datos y a solicitar la limitaci\u00f3n del tratamiento de sus datos, en cuyo caso \u00fanicamente ser\u00e1n conservados para el ejercicio o la defensa de reclamaciones. Finalmente, respecto de aquellos tratamientos que los usuarios hayan consentido voluntariamente, \u00e9stos podr\u00e1n retirar su consentimiento en cualquier momento. El usuario podr\u00e1 remitir al Delegado de Protecci\u00f3n de Datos las solicitudes escritas que, en su caso, procedan, con el fin de ejercitar los derechos anteriores acreditando su identidad, a <a href=\"mailto:info@aterki.com\"><strong>info@aterki.com<\/strong><\/a> o a la direcci\u00f3n postal de TELLERIARTE 16 Pab 4-5 (ZUBITXO) 20230 LEGAZPIA (GIPUZKOA)   <\/p>\n\n<p>Los clientes tendr\u00e1n derecho a acudir a la Agencia Espa\u00f1ola de Protecci\u00f3n de Datos (autoridad de control en materia de protecci\u00f3n de datos), para reclamar el ejercicio de sus derechos o cualquier otra cuesti\u00f3n relacionada con el cumplimiento de la normativa de protecci\u00f3n de datos (puede consultar m\u00e1s informaci\u00f3n en <a href=\"https:\/\/www.aepd.es\/es\"><strong>www.agpd.es<\/strong><\/a>)<\/p>\n","protected":false},"excerpt":{"rendered":"<p>RESPONSABLE DE TRATAMIENTO Sobre las cookies en este sitio web En este sitio web usamos cookies propias y de terceros para facilitar la navegaci\u00f3n. La informaci\u00f3n almacenada en las Cookies de nuestro sitio web es totalmente an\u00f3nima y es utilizada exclusivamente por nosotros. As\u00ed mismo, se informa que este sitio web dispone de funcionalidades relacionadas [&hellip;]<\/p>\n","protected":false},"author":1,"featured_media":0,"parent":0,"menu_order":0,"comment_status":"closed","ping_status":"closed","template":"","meta":{"footnotes":""},"class_list":["post-10091","page","type-page","status-publish","hentry"],"yoast_head":"<!-- This site is optimized with the Yoast SEO plugin v27.4 - https:\/\/yoast.com\/product\/yoast-seo-wordpress\/ -->\n<title>Cookies Policy - Aterki Isola<\/title>\n<meta name=\"robots\" content=\"index, follow, max-snippet:-1, max-image-preview:large, max-video-preview:-1\" \/>\n<link rel=\"canonical\" href=\"https:\/\/www.aterki.com\/en\/cookies-policy\/\" \/>\n<meta property=\"og:locale\" content=\"en_US\" \/>\n<meta property=\"og:type\" content=\"article\" \/>\n<meta property=\"og:title\" content=\"Cookies Policy - Aterki Isola\" \/>\n<meta property=\"og:description\" content=\"RESPONSABLE DE TRATAMIENTO Sobre las cookies en este sitio web En este sitio web usamos cookies propias y de terceros para facilitar la navegaci\u00f3n. La informaci\u00f3n almacenada en las Cookies de nuestro sitio web es totalmente an\u00f3nima y es utilizada exclusivamente por nosotros. As\u00ed mismo, se informa que este sitio web dispone de funcionalidades relacionadas [&hellip;]\" \/>\n<meta property=\"og:url\" content=\"https:\/\/www.aterki.com\/en\/cookies-policy\/\" \/>\n<meta property=\"og:site_name\" content=\"Aterki Isola\" \/>\n<meta property=\"article:modified_time\" content=\"2025-06-16T11:22:43+00:00\" \/>\n<meta name=\"twitter:card\" content=\"summary_large_image\" \/>\n<meta name=\"twitter:label1\" content=\"Est. reading time\" \/>\n\t<meta name=\"twitter:data1\" content=\"5 minutes\" \/>\n<script type=\"application\/ld+json\" class=\"yoast-schema-graph\">{\"@context\":\"https:\\\/\\\/schema.org\",\"@graph\":[{\"@type\":\"WebPage\",\"@id\":\"https:\\\/\\\/www.aterki.com\\\/en\\\/cookies-policy\\\/\",\"url\":\"https:\\\/\\\/www.aterki.com\\\/en\\\/cookies-policy\\\/\",\"name\":\"Cookies Policy - Aterki Isola\",\"isPartOf\":{\"@id\":\"https:\\\/\\\/www.aterki.com\\\/en\\\/#website\"},\"datePublished\":\"2025-05-08T12:50:21+00:00\",\"dateModified\":\"2025-06-16T11:22:43+00:00\",\"breadcrumb\":{\"@id\":\"https:\\\/\\\/www.aterki.com\\\/en\\\/cookies-policy\\\/#breadcrumb\"},\"inLanguage\":\"en-US\",\"potentialAction\":[{\"@type\":\"ReadAction\",\"target\":[\"https:\\\/\\\/www.aterki.com\\\/en\\\/cookies-policy\\\/\"]}]},{\"@type\":\"BreadcrumbList\",\"@id\":\"https:\\\/\\\/www.aterki.com\\\/en\\\/cookies-policy\\\/#breadcrumb\",\"itemListElement\":[{\"@type\":\"ListItem\",\"position\":1,\"name\":\"Home\",\"item\":\"https:\\\/\\\/www.aterki.com\\\/en\\\/\"},{\"@type\":\"ListItem\",\"position\":2,\"name\":\"Cookies Policy\"}]},{\"@type\":\"WebSite\",\"@id\":\"https:\\\/\\\/www.aterki.com\\\/en\\\/#website\",\"url\":\"https:\\\/\\\/www.aterki.com\\\/en\\\/\",\"name\":\"Aterki Isola\",\"description\":\"Waterproofing, thermal insulation and flooring company\",\"publisher\":{\"@id\":\"https:\\\/\\\/www.aterki.com\\\/en\\\/#organization\"},\"potentialAction\":[{\"@type\":\"SearchAction\",\"target\":{\"@type\":\"EntryPoint\",\"urlTemplate\":\"https:\\\/\\\/www.aterki.com\\\/en\\\/?s={search_term_string}\"},\"query-input\":{\"@type\":\"PropertyValueSpecification\",\"valueRequired\":true,\"valueName\":\"search_term_string\"}}],\"inLanguage\":\"en-US\"},{\"@type\":\"Organization\",\"@id\":\"https:\\\/\\\/www.aterki.com\\\/en\\\/#organization\",\"name\":\"Aterki Isola\",\"url\":\"https:\\\/\\\/www.aterki.com\\\/en\\\/\",\"logo\":{\"@type\":\"ImageObject\",\"inLanguage\":\"en-US\",\"@id\":\"https:\\\/\\\/www.aterki.com\\\/en\\\/#\\\/schema\\\/logo\\\/image\\\/\",\"url\":\"https:\\\/\\\/www.aterki.com\\\/wp-content\\\/uploads\\\/2024\\\/05\\\/cropped-logo-aterki-entero-blanco-159x37-1.png\",\"contentUrl\":\"https:\\\/\\\/www.aterki.com\\\/wp-content\\\/uploads\\\/2024\\\/05\\\/cropped-logo-aterki-entero-blanco-159x37-1.png\",\"width\":159,\"height\":37,\"caption\":\"Aterki Isola\"},\"image\":{\"@id\":\"https:\\\/\\\/www.aterki.com\\\/en\\\/#\\\/schema\\\/logo\\\/image\\\/\"}}]}<\/script>\n<!-- \/ Yoast SEO plugin. -->","yoast_head_json":{"title":"Cookies Policy - Aterki Isola","robots":{"index":"index","follow":"follow","max-snippet":"max-snippet:-1","max-image-preview":"max-image-preview:large","max-video-preview":"max-video-preview:-1"},"canonical":"https:\/\/www.aterki.com\/en\/cookies-policy\/","og_locale":"en_US","og_type":"article","og_title":"Cookies Policy - Aterki Isola","og_description":"RESPONSABLE DE TRATAMIENTO Sobre las cookies en este sitio web En este sitio web usamos cookies propias y de terceros para facilitar la navegaci\u00f3n. La informaci\u00f3n almacenada en las Cookies de nuestro sitio web es totalmente an\u00f3nima y es utilizada exclusivamente por nosotros. As\u00ed mismo, se informa que este sitio web dispone de funcionalidades relacionadas [&hellip;]","og_url":"https:\/\/www.aterki.com\/en\/cookies-policy\/","og_site_name":"Aterki Isola","article_modified_time":"2025-06-16T11:22:43+00:00","twitter_card":"summary_large_image","twitter_misc":{"Est. reading time":"5 minutes"},"schema":{"@context":"https:\/\/schema.org","@graph":[{"@type":"WebPage","@id":"https:\/\/www.aterki.com\/en\/cookies-policy\/","url":"https:\/\/www.aterki.com\/en\/cookies-policy\/","name":"Cookies Policy - Aterki Isola","isPartOf":{"@id":"https:\/\/www.aterki.com\/en\/#website"},"datePublished":"2025-05-08T12:50:21+00:00","dateModified":"2025-06-16T11:22:43+00:00","breadcrumb":{"@id":"https:\/\/www.aterki.com\/en\/cookies-policy\/#breadcrumb"},"inLanguage":"en-US","potentialAction":[{"@type":"ReadAction","target":["https:\/\/www.aterki.com\/en\/cookies-policy\/"]}]},{"@type":"BreadcrumbList","@id":"https:\/\/www.aterki.com\/en\/cookies-policy\/#breadcrumb","itemListElement":[{"@type":"ListItem","position":1,"name":"Home","item":"https:\/\/www.aterki.com\/en\/"},{"@type":"ListItem","position":2,"name":"Cookies Policy"}]},{"@type":"WebSite","@id":"https:\/\/www.aterki.com\/en\/#website","url":"https:\/\/www.aterki.com\/en\/","name":"Aterki Isola","description":"Waterproofing, thermal insulation and flooring company","publisher":{"@id":"https:\/\/www.aterki.com\/en\/#organization"},"potentialAction":[{"@type":"SearchAction","target":{"@type":"EntryPoint","urlTemplate":"https:\/\/www.aterki.com\/en\/?s={search_term_string}"},"query-input":{"@type":"PropertyValueSpecification","valueRequired":true,"valueName":"search_term_string"}}],"inLanguage":"en-US"},{"@type":"Organization","@id":"https:\/\/www.aterki.com\/en\/#organization","name":"Aterki Isola","url":"https:\/\/www.aterki.com\/en\/","logo":{"@type":"ImageObject","inLanguage":"en-US","@id":"https:\/\/www.aterki.com\/en\/#\/schema\/logo\/image\/","url":"https:\/\/www.aterki.com\/wp-content\/uploads\/2024\/05\/cropped-logo-aterki-entero-blanco-159x37-1.png","contentUrl":"https:\/\/www.aterki.com\/wp-content\/uploads\/2024\/05\/cropped-logo-aterki-entero-blanco-159x37-1.png","width":159,"height":37,"caption":"Aterki Isola"},"image":{"@id":"https:\/\/www.aterki.com\/en\/#\/schema\/logo\/image\/"}}]}},"_links":{"self":[{"href":"https:\/\/www.aterki.com\/en\/wp-json\/wp\/v2\/pages\/10091","targetHints":{"allow":["GET"]}}],"collection":[{"href":"https:\/\/www.aterki.com\/en\/wp-json\/wp\/v2\/pages"}],"about":[{"href":"https:\/\/www.aterki.com\/en\/wp-json\/wp\/v2\/types\/page"}],"author":[{"embeddable":true,"href":"https:\/\/www.aterki.com\/en\/wp-json\/wp\/v2\/users\/1"}],"replies":[{"embeddable":true,"href":"https:\/\/www.aterki.com\/en\/wp-json\/wp\/v2\/comments?post=10091"}],"version-history":[{"count":2,"href":"https:\/\/www.aterki.com\/en\/wp-json\/wp\/v2\/pages\/10091\/revisions"}],"predecessor-version":[{"id":10690,"href":"https:\/\/www.aterki.com\/en\/wp-json\/wp\/v2\/pages\/10091\/revisions\/10690"}],"wp:attachment":[{"href":"https:\/\/www.aterki.com\/en\/wp-json\/wp\/v2\/media?parent=10091"}],"curies":[{"name":"wp","href":"https:\/\/api.w.org\/{rel}","templated":true}]}}