{"id":10085,"date":"2025-05-08T14:41:33","date_gmt":"2025-05-08T12:41:33","guid":{"rendered":"https:\/\/www.aterki.com\/privacy-policy\/"},"modified":"2025-06-16T13:23:44","modified_gmt":"2025-06-16T11:23:44","slug":"privacy-policy","status":"publish","type":"page","link":"https:\/\/www.aterki.com\/en\/privacy-policy\/","title":{"rendered":"Privacy policy"},"content":{"rendered":"\n<h2 class=\"wp-block-heading\" style=\"font-size:1.5em;font-style:normal;font-weight:700\">Data protection<\/h2>\n\n<p>En esta web, propiedad de Aterki Isola S.L. con CIF: B20503579 y nombre comercial ATERKI (en adelante), aseguramos la total protecci\u00f3n de los datos de car\u00e1cter personal proporcionados por nuestros usuarios.<\/p>\n\n<p><strong>\u00bfQui\u00e9n es el responsable de sus datos?<\/strong><\/p>\n\n<p>De acuerdo con lo establecido por la Ley Org\u00e1nica 3\/2018, de 5 de diciembre, de Protecci\u00f3n de Datos Personales y garant\u00eda de los derechos digitales (LOPDGDD) y el Reglamento (UE) 2016\/679 del Parlamento Europeo y del Consejo (RGPD) de 27 de Abril de 2016, le informamos a todos los usuarios que faciliten datos personales ser\u00e1n tratados por Aterki Isola S.L. con CIF: B20503579, y domicilio : TELLERIARTE 16 Pab 4-5 (ZUBITXO) 20230 LEGAZPIA (Gipuzkoa).<\/p>\n\n<p><strong>\u00bfCon qu\u00e9 finalidad tratamos sus datos personales?<\/strong><\/p>\n\n<p>Los datos aportados por usted son necesarios para mantener la comunicaci\u00f3n con usted y poder atender a sus consultas y peticiones, informaci\u00f3n de ofertas y publicidad relacionados siempre con nuestra actividad.<\/p>\n\n<p>Una vez usted haya contratado los servicios de ATERKI, sus datos ser\u00e1n tratados con la finalidad de llevar a cabo la Gesti\u00f3n administrativa, contable, fiscal, comercial, gestiones de comunicaci\u00f3n que se desarrolla con los mismos.<\/p>\n\n<p><strong>\u00bfPor cu\u00e1nto tiempo conservaremos sus datos?<\/strong><\/p>\n\n<p>Los datos personales proporcionados se conservar\u00e1n mientras se prevea que pueden ser necesarios para contactar con el interesado.<\/p>\n\n<p>Una vez haya contratado los servicios de ATERKI, sus datos se conservar\u00e1n hasta la finalizaci\u00f3n de la relaci\u00f3n contractual, y posteriormente, durante los plazos legalmente exigidos<\/p>\n\n<p>\u00bfCu\u00e1l es la legitimaci\u00f3n para el tratamiento de sus datos?<\/p>\n\n<p>Los intereses leg\u00edtimos del responsable y la base legal para realizar el tratamiento de sus datos es el consentimiento del interesado al contactar con nuestra empresa.<\/p>\n\n<p>Una vez usted haya contratado nuestros servicios, la legitimaci\u00f3n del tratamiento de sus datos es: La ejecuci\u00f3n de un contrato\/servicio.<\/p>\n\n<p><strong>\u00bfA qu\u00e9 destinatarios se comunicar\u00e1n sus datos?<\/strong><\/p>\n\n<p>Sus datos no se ceder\u00e1n a terceros salvo obligaci\u00f3n legal.<\/p>\n\n<p>Una vez contratados nuestros servicio y para cumplir con las finalidades previstas, sus datos podr\u00e1n ser comunicados a: Organizaciones o personas directamente relacionadas con el responsable, Administraci\u00f3n tributaria; Bancos, cajas de ahorros y cajas rurales; Administraci\u00f3n p\u00fablica con competencia en la materia. Agencia Espa\u00f1ola de Protecci\u00f3n de Datos. <\/p>\n\n<p><strong>\u00bfCu\u00e1les son sus derechos cuando nos facilita sus datos?<\/strong><\/p>\n\n<p>Cualquier persona tiene derecho a solicitar el acceso, rectificaci\u00f3n, supresi\u00f3n, limitaci\u00f3n del tratamiento, oposici\u00f3n o derecho a la portabilidad de sus datos personales, escribi\u00e9ndonos a nuestra direcci\u00f3n arriba indicada, o enviando un correo electr\u00f3nico a info@aterki.com, indicando el derecho que desea ejercer.<\/p>\n\n<p>Tendr\u00e1 derecho igualmente a retirar el consentimiento prestado en cualquier momento. La retirada del consentimiento no afectar\u00e1 a la licitud del tratamiento efectuado antes de la retirada de dicho consentimiento. <\/p>\n\n<p>Tiene derecho a presentar una reclamaci\u00f3n ante la autoridad de control si considera que pueden haber sido vulnerados sus derechos en lo concerniente a la protecci\u00f3n de sus datos personales.<\/p>\n\n<p><\/p>\n","protected":false},"excerpt":{"rendered":"<p>Data protection En esta web, propiedad de Aterki Isola S.L. con CIF: B20503579 y nombre comercial ATERKI (en adelante), aseguramos la total protecci\u00f3n de los datos de car\u00e1cter personal proporcionados por nuestros usuarios. \u00bfQui\u00e9n es el responsable de sus datos? De acuerdo con lo establecido por la Ley Org\u00e1nica 3\/2018, de 5 de diciembre, de [&hellip;]<\/p>\n","protected":false},"author":1,"featured_media":0,"parent":0,"menu_order":0,"comment_status":"closed","ping_status":"closed","template":"","meta":{"footnotes":""},"class_list":["post-10085","page","type-page","status-publish","hentry"],"yoast_head":"<!-- This site is optimized with the Yoast SEO plugin v27.4 - https:\/\/yoast.com\/product\/yoast-seo-wordpress\/ -->\n<title>Privacy policy - Aterki Isola<\/title>\n<meta name=\"robots\" content=\"index, follow, max-snippet:-1, max-image-preview:large, max-video-preview:-1\" \/>\n<link rel=\"canonical\" href=\"https:\/\/www.aterki.com\/en\/privacy-policy\/\" \/>\n<meta property=\"og:locale\" content=\"en_US\" \/>\n<meta property=\"og:type\" content=\"article\" \/>\n<meta property=\"og:title\" content=\"Privacy policy - Aterki Isola\" \/>\n<meta property=\"og:description\" content=\"Data protection En esta web, propiedad de Aterki Isola S.L. con CIF: B20503579 y nombre comercial ATERKI (en adelante), aseguramos la total protecci\u00f3n de los datos de car\u00e1cter personal proporcionados por nuestros usuarios. \u00bfQui\u00e9n es el responsable de sus datos? De acuerdo con lo establecido por la Ley Org\u00e1nica 3\/2018, de 5 de diciembre, de [&hellip;]\" \/>\n<meta property=\"og:url\" content=\"https:\/\/www.aterki.com\/en\/privacy-policy\/\" \/>\n<meta property=\"og:site_name\" content=\"Aterki Isola\" \/>\n<meta property=\"article:modified_time\" content=\"2025-06-16T11:23:44+00:00\" \/>\n<meta name=\"twitter:card\" content=\"summary_large_image\" \/>\n<meta name=\"twitter:label1\" content=\"Est. reading time\" \/>\n\t<meta name=\"twitter:data1\" content=\"3 minutes\" \/>\n<script type=\"application\/ld+json\" class=\"yoast-schema-graph\">{\"@context\":\"https:\\\/\\\/schema.org\",\"@graph\":[{\"@type\":\"WebPage\",\"@id\":\"https:\\\/\\\/www.aterki.com\\\/en\\\/privacy-policy\\\/\",\"url\":\"https:\\\/\\\/www.aterki.com\\\/en\\\/privacy-policy\\\/\",\"name\":\"Privacy policy - Aterki Isola\",\"isPartOf\":{\"@id\":\"https:\\\/\\\/www.aterki.com\\\/en\\\/#website\"},\"datePublished\":\"2025-05-08T12:41:33+00:00\",\"dateModified\":\"2025-06-16T11:23:44+00:00\",\"breadcrumb\":{\"@id\":\"https:\\\/\\\/www.aterki.com\\\/en\\\/privacy-policy\\\/#breadcrumb\"},\"inLanguage\":\"en-US\",\"potentialAction\":[{\"@type\":\"ReadAction\",\"target\":[\"https:\\\/\\\/www.aterki.com\\\/en\\\/privacy-policy\\\/\"]}]},{\"@type\":\"BreadcrumbList\",\"@id\":\"https:\\\/\\\/www.aterki.com\\\/en\\\/privacy-policy\\\/#breadcrumb\",\"itemListElement\":[{\"@type\":\"ListItem\",\"position\":1,\"name\":\"Home\",\"item\":\"https:\\\/\\\/www.aterki.com\\\/en\\\/\"},{\"@type\":\"ListItem\",\"position\":2,\"name\":\"Privacy policy\"}]},{\"@type\":\"WebSite\",\"@id\":\"https:\\\/\\\/www.aterki.com\\\/en\\\/#website\",\"url\":\"https:\\\/\\\/www.aterki.com\\\/en\\\/\",\"name\":\"Aterki Isola\",\"description\":\"Waterproofing, thermal insulation and flooring company\",\"publisher\":{\"@id\":\"https:\\\/\\\/www.aterki.com\\\/en\\\/#organization\"},\"potentialAction\":[{\"@type\":\"SearchAction\",\"target\":{\"@type\":\"EntryPoint\",\"urlTemplate\":\"https:\\\/\\\/www.aterki.com\\\/en\\\/?s={search_term_string}\"},\"query-input\":{\"@type\":\"PropertyValueSpecification\",\"valueRequired\":true,\"valueName\":\"search_term_string\"}}],\"inLanguage\":\"en-US\"},{\"@type\":\"Organization\",\"@id\":\"https:\\\/\\\/www.aterki.com\\\/en\\\/#organization\",\"name\":\"Aterki Isola\",\"url\":\"https:\\\/\\\/www.aterki.com\\\/en\\\/\",\"logo\":{\"@type\":\"ImageObject\",\"inLanguage\":\"en-US\",\"@id\":\"https:\\\/\\\/www.aterki.com\\\/en\\\/#\\\/schema\\\/logo\\\/image\\\/\",\"url\":\"https:\\\/\\\/www.aterki.com\\\/wp-content\\\/uploads\\\/2024\\\/05\\\/cropped-logo-aterki-entero-blanco-159x37-1.png\",\"contentUrl\":\"https:\\\/\\\/www.aterki.com\\\/wp-content\\\/uploads\\\/2024\\\/05\\\/cropped-logo-aterki-entero-blanco-159x37-1.png\",\"width\":159,\"height\":37,\"caption\":\"Aterki Isola\"},\"image\":{\"@id\":\"https:\\\/\\\/www.aterki.com\\\/en\\\/#\\\/schema\\\/logo\\\/image\\\/\"}}]}<\/script>\n<!-- \/ Yoast SEO plugin. -->","yoast_head_json":{"title":"Privacy policy - Aterki Isola","robots":{"index":"index","follow":"follow","max-snippet":"max-snippet:-1","max-image-preview":"max-image-preview:large","max-video-preview":"max-video-preview:-1"},"canonical":"https:\/\/www.aterki.com\/en\/privacy-policy\/","og_locale":"en_US","og_type":"article","og_title":"Privacy policy - Aterki Isola","og_description":"Data protection En esta web, propiedad de Aterki Isola S.L. con CIF: B20503579 y nombre comercial ATERKI (en adelante), aseguramos la total protecci\u00f3n de los datos de car\u00e1cter personal proporcionados por nuestros usuarios. \u00bfQui\u00e9n es el responsable de sus datos? De acuerdo con lo establecido por la Ley Org\u00e1nica 3\/2018, de 5 de diciembre, de [&hellip;]","og_url":"https:\/\/www.aterki.com\/en\/privacy-policy\/","og_site_name":"Aterki Isola","article_modified_time":"2025-06-16T11:23:44+00:00","twitter_card":"summary_large_image","twitter_misc":{"Est. reading time":"3 minutes"},"schema":{"@context":"https:\/\/schema.org","@graph":[{"@type":"WebPage","@id":"https:\/\/www.aterki.com\/en\/privacy-policy\/","url":"https:\/\/www.aterki.com\/en\/privacy-policy\/","name":"Privacy policy - Aterki Isola","isPartOf":{"@id":"https:\/\/www.aterki.com\/en\/#website"},"datePublished":"2025-05-08T12:41:33+00:00","dateModified":"2025-06-16T11:23:44+00:00","breadcrumb":{"@id":"https:\/\/www.aterki.com\/en\/privacy-policy\/#breadcrumb"},"inLanguage":"en-US","potentialAction":[{"@type":"ReadAction","target":["https:\/\/www.aterki.com\/en\/privacy-policy\/"]}]},{"@type":"BreadcrumbList","@id":"https:\/\/www.aterki.com\/en\/privacy-policy\/#breadcrumb","itemListElement":[{"@type":"ListItem","position":1,"name":"Home","item":"https:\/\/www.aterki.com\/en\/"},{"@type":"ListItem","position":2,"name":"Privacy policy"}]},{"@type":"WebSite","@id":"https:\/\/www.aterki.com\/en\/#website","url":"https:\/\/www.aterki.com\/en\/","name":"Aterki Isola","description":"Waterproofing, thermal insulation and flooring company","publisher":{"@id":"https:\/\/www.aterki.com\/en\/#organization"},"potentialAction":[{"@type":"SearchAction","target":{"@type":"EntryPoint","urlTemplate":"https:\/\/www.aterki.com\/en\/?s={search_term_string}"},"query-input":{"@type":"PropertyValueSpecification","valueRequired":true,"valueName":"search_term_string"}}],"inLanguage":"en-US"},{"@type":"Organization","@id":"https:\/\/www.aterki.com\/en\/#organization","name":"Aterki Isola","url":"https:\/\/www.aterki.com\/en\/","logo":{"@type":"ImageObject","inLanguage":"en-US","@id":"https:\/\/www.aterki.com\/en\/#\/schema\/logo\/image\/","url":"https:\/\/www.aterki.com\/wp-content\/uploads\/2024\/05\/cropped-logo-aterki-entero-blanco-159x37-1.png","contentUrl":"https:\/\/www.aterki.com\/wp-content\/uploads\/2024\/05\/cropped-logo-aterki-entero-blanco-159x37-1.png","width":159,"height":37,"caption":"Aterki Isola"},"image":{"@id":"https:\/\/www.aterki.com\/en\/#\/schema\/logo\/image\/"}}]}},"_links":{"self":[{"href":"https:\/\/www.aterki.com\/en\/wp-json\/wp\/v2\/pages\/10085","targetHints":{"allow":["GET"]}}],"collection":[{"href":"https:\/\/www.aterki.com\/en\/wp-json\/wp\/v2\/pages"}],"about":[{"href":"https:\/\/www.aterki.com\/en\/wp-json\/wp\/v2\/types\/page"}],"author":[{"embeddable":true,"href":"https:\/\/www.aterki.com\/en\/wp-json\/wp\/v2\/users\/1"}],"replies":[{"embeddable":true,"href":"https:\/\/www.aterki.com\/en\/wp-json\/wp\/v2\/comments?post=10085"}],"version-history":[{"count":6,"href":"https:\/\/www.aterki.com\/en\/wp-json\/wp\/v2\/pages\/10085\/revisions"}],"predecessor-version":[{"id":10693,"href":"https:\/\/www.aterki.com\/en\/wp-json\/wp\/v2\/pages\/10085\/revisions\/10693"}],"wp:attachment":[{"href":"https:\/\/www.aterki.com\/en\/wp-json\/wp\/v2\/media?parent=10085"}],"curies":[{"name":"wp","href":"https:\/\/api.w.org\/{rel}","templated":true}]}}